{"id":706,"date":"2024-04-06T04:37:53","date_gmt":"2024-04-06T04:37:53","guid":{"rendered":"https:\/\/themexriver.com\/wp\/goyto\/?page_id=706"},"modified":"2025-08-29T16:05:37","modified_gmt":"2025-08-29T16:05:37","slug":"alanlar","status":"publish","type":"page","link":"https:\/\/www.parkada.com.tr\/index.php\/alanlar\/","title":{"rendered":"Adapark | Alanlar"},"content":{"rendered":"\t\t<div data-elementor-type=\"wp-page\" data-elementor-id=\"706\" class=\"elementor elementor-706\">\n\t\t\t\t\t\t<section class=\"elementor-section elementor-top-section elementor-element elementor-element-9574dcc elementor-section-boxed elementor-section-height-default elementor-section-height-default\" data-id=\"9574dcc\" data-element_type=\"section\" data-settings=\"{&quot;background_background&quot;:&quot;classic&quot;}\">\n\t\t\t\t\t\t<div class=\"elementor-container elementor-column-gap-default\">\n\t\t\t\t\t<div class=\"elementor-column elementor-col-100 elementor-top-column elementor-element elementor-element-d714693\" data-id=\"d714693\" data-element_type=\"column\">\n\t\t\t<div class=\"elementor-widget-wrap elementor-element-populated\">\n\t\t\t\t\t\t<div class=\"elementor-element elementor-element-317f2e3 elementor-widget elementor-widget-go-s-heading\" data-id=\"317f2e3\" data-element_type=\"widget\" data-widget_type=\"go-s-heading.default\">\n\t\t\t\t<div class=\"elementor-widget-container\">\n\t\t\t\t\t<div class=\"gt-section-title-1 txt-text-anim pera-content headline prthalign\">\n            <div class=\"elementor-goyto-sub subtitle cursive-font wow fadeInRight\"  data-wow-delay=\"200ms\" data-wow-duration=\"1000ms\">\n                            <img decoding=\"async\" src=\"http:\/\/www.parkada.com.tr\/wp-content\/uploads\/2024\/03\/star.webp\" alt=\"\"> \n                \n            Adapark | Bayrampa\u015fa \u015eehir Park\u0131        <\/div>\n        <h1 class=\"elementor-gt-heading section_title tx-split-text split-in-right\">\u201cDo\u011fayla \u0130\u00e7 \u0130\u00e7e, E\u011flenceyle Yan Yana\u201d<\/h1>            <div class=\"elementor-gt-desc\">\n            \n        <\/div>\n    <\/div>\t\t\t\t<\/div>\n\t\t\t\t<\/div>\n\t\t\t\t<section class=\"elementor-section elementor-inner-section elementor-element elementor-element-e460856 elementor-section-boxed elementor-section-height-default elementor-section-height-default\" data-id=\"e460856\" data-element_type=\"section\">\n\t\t\t\t\t\t<div class=\"elementor-container elementor-column-gap-default\">\n\t\t\t\t\t<div class=\"elementor-column elementor-col-20 elementor-inner-column elementor-element elementor-element-e696f99\" data-id=\"e696f99\" data-element_type=\"column\">\n\t\t\t<div class=\"elementor-widget-wrap elementor-element-populated\">\n\t\t\t\t\t\t<div class=\"elementor-element elementor-element-6982156 elementor-widget elementor-widget-go-category\" data-id=\"6982156\" data-element_type=\"widget\" data-widget_type=\"go-category.default\">\n\t\t\t\t<div class=\"elementor-widget-container\">\n\t\t\t\t\t        <div class=\"gt-fvt-place-item text-center headline wow fadeInUp\"  data-wow-delay=\"200ms\" data-wow-duration=\"1200ms\" >\n            <div class=\"fvt-place-img text-center position-relative\">\n                                    <div class=\"inner-img\">\n                        <img decoding=\"async\" src=\"http:\/\/www.parkada.com.tr\/wp-content\/uploads\/2025\/08\/las01.jpg\" alt=\"\">\n                    <\/div>\n                                                    <div class=\"tour-count text-capitalize\">\n                        <span>25+ Oyuncak<\/span>\n                    <\/div>\n                            <\/div>\n                            <h3 class=\"fvt_title\"><a href=\"http:\/\/www.parkada.com.tr\/destinations\/canada\/\">Lunapark<\/a><\/h3>\n                    <\/div>\n    \t\t\t\t<\/div>\n\t\t\t\t<\/div>\n\t\t\t\t\t<\/div>\n\t\t<\/div>\n\t\t\t\t<div class=\"elementor-column elementor-col-20 elementor-inner-column elementor-element elementor-element-1a935fd\" data-id=\"1a935fd\" data-element_type=\"column\">\n\t\t\t<div class=\"elementor-widget-wrap elementor-element-populated\">\n\t\t\t\t\t\t<div class=\"elementor-element elementor-element-7f73110 elementor-widget elementor-widget-go-category\" data-id=\"7f73110\" data-element_type=\"widget\" data-widget_type=\"go-category.default\">\n\t\t\t\t<div class=\"elementor-widget-container\">\n\t\t\t\t\t        <div class=\"gt-fvt-place-item text-center headline wow fadeInUp\"  data-wow-delay=\"250ms\" data-wow-duration=\"1200ms\" >\n            <div class=\"fvt-place-img text-center position-relative\">\n                                    <div class=\"inner-img\">\n                        <img decoding=\"async\" src=\"http:\/\/www.parkada.com.tr\/wp-content\/uploads\/2025\/08\/las02.jpg\" alt=\"\">\n                    <\/div>\n                                                    <div class=\"tour-count text-capitalize\">\n                        <span>1.5 Km Parkur<\/span>\n                    <\/div>\n                            <\/div>\n                            <h3 class=\"fvt_title\"><a href=\"http:\/\/www.parkada.com.tr\/trip\/paris-france\/\">G\u00f6l &amp; Y\u00fcr\u00fcy\u00fc\u015f<\/a><\/h3>\n                    <\/div>\n    \t\t\t\t<\/div>\n\t\t\t\t<\/div>\n\t\t\t\t\t<\/div>\n\t\t<\/div>\n\t\t\t\t<div class=\"elementor-column elementor-col-20 elementor-inner-column elementor-element elementor-element-d1c7ac8\" data-id=\"d1c7ac8\" data-element_type=\"column\">\n\t\t\t<div class=\"elementor-widget-wrap elementor-element-populated\">\n\t\t\t\t\t\t<div class=\"elementor-element elementor-element-668d050 elementor-widget elementor-widget-go-category\" data-id=\"668d050\" data-element_type=\"widget\" data-widget_type=\"go-category.default\">\n\t\t\t\t<div class=\"elementor-widget-container\">\n\t\t\t\t\t        <div class=\"gt-fvt-place-item text-center headline wow fadeInUp\"  data-wow-delay=\"300ms\" data-wow-duration=\"1200ms\" >\n            <div class=\"fvt-place-img text-center position-relative\">\n                                    <div class=\"inner-img\">\n                        <img decoding=\"async\" src=\"http:\/\/www.parkada.com.tr\/wp-content\/uploads\/2025\/08\/las03.jpg\" alt=\"\">\n                    <\/div>\n                                                    <div class=\"tour-count text-capitalize\">\n                        <span>3000 Ki\u015filik<\/span>\n                    <\/div>\n                            <\/div>\n                            <h3 class=\"fvt_title\"><a href=\"http:\/\/www.parkada.com.tr\/destinations\/indonesia\/\">Amfi Tiyatro<\/a><\/h3>\n                    <\/div>\n    \t\t\t\t<\/div>\n\t\t\t\t<\/div>\n\t\t\t\t\t<\/div>\n\t\t<\/div>\n\t\t\t\t<div class=\"elementor-column elementor-col-20 elementor-inner-column elementor-element elementor-element-266219c\" data-id=\"266219c\" data-element_type=\"column\">\n\t\t\t<div class=\"elementor-widget-wrap elementor-element-populated\">\n\t\t\t\t\t\t<div class=\"elementor-element elementor-element-3419712 elementor-widget elementor-widget-go-category\" data-id=\"3419712\" data-element_type=\"widget\" data-widget_type=\"go-category.default\">\n\t\t\t\t<div class=\"elementor-widget-container\">\n\t\t\t\t\t        <div class=\"gt-fvt-place-item text-center headline wow fadeInUp\"  data-wow-delay=\"350ms\" data-wow-duration=\"1200ms\" >\n            <div class=\"fvt-place-img text-center position-relative\">\n                                    <div class=\"inner-img\">\n                        <img decoding=\"async\" src=\"http:\/\/www.parkada.com.tr\/wp-content\/uploads\/2025\/08\/las04.jpg\" alt=\"\">\n                    <\/div>\n                                                    <div class=\"tour-count text-capitalize\">\n                        <span>30+ Mekan<\/span>\n                    <\/div>\n                            <\/div>\n                            <h3 class=\"fvt_title\"><a href=\"http:\/\/www.parkada.com.tr\/destinations\/indonesia\/\">Kafeler<\/a><\/h3>\n                    <\/div>\n    \t\t\t\t<\/div>\n\t\t\t\t<\/div>\n\t\t\t\t\t<\/div>\n\t\t<\/div>\n\t\t\t\t<div class=\"elementor-column elementor-col-20 elementor-inner-column elementor-element elementor-element-3216e8b\" data-id=\"3216e8b\" data-element_type=\"column\">\n\t\t\t<div class=\"elementor-widget-wrap elementor-element-populated\">\n\t\t\t\t\t\t<div class=\"elementor-element elementor-element-cf35e5c elementor-widget elementor-widget-go-category\" data-id=\"cf35e5c\" data-element_type=\"widget\" data-widget_type=\"go-category.default\">\n\t\t\t\t<div class=\"elementor-widget-container\">\n\t\t\t\t\t        <div class=\"gt-fvt-place-item text-center headline wow fadeInUp\"  data-wow-delay=\"400ms\" data-wow-duration=\"1200ms\" >\n            <div class=\"fvt-place-img text-center position-relative\">\n                                    <div class=\"inner-img\">\n                        <img decoding=\"async\" src=\"http:\/\/www.parkada.com.tr\/wp-content\/uploads\/2025\/08\/las05.jpg\" alt=\"\">\n                    <\/div>\n                                                    <div class=\"tour-count text-capitalize\">\n                        <span>Manej<\/span>\n                    <\/div>\n                            <\/div>\n                            <h3 class=\"fvt_title\"><a href=\"http:\/\/www.parkada.com.tr\/destinations\/indonesia\/\">At \u00c7iftli\u011fi<\/a><\/h3>\n                    <\/div>\n    \t\t\t\t<\/div>\n\t\t\t\t<\/div>\n\t\t\t\t\t<\/div>\n\t\t<\/div>\n\t\t\t\t\t<\/div>\n\t\t<\/section>\n\t\t\t\t\t<\/div>\n\t\t<\/div>\n\t\t\t\t\t<\/div>\n\t\t<\/section>\n\t\t\t\t<\/div>\n\t\t","protected":false},"excerpt":{"rendered":"<p>Adapark | Bayrampa\u015fa \u015eehir Park\u0131 \u201cDo\u011fayla \u0130\u00e7 \u0130\u00e7e, E\u011flenceyle Yan Yana\u201d 25+ Oyuncak Lunapark 1.5 Km Parkur G\u00f6l &amp; Y\u00fcr\u00fcy\u00fc\u015f 3000 Ki\u015filik Amfi Tiyatro 30+ Mekan Kafeler Manej At \u00c7iftli\u011fi<\/p>\n","protected":false},"author":1,"featured_media":0,"parent":0,"menu_order":0,"comment_status":"closed","ping_status":"closed","template":"elementor_header_footer","meta":{"footnotes":""},"class_list":["post-706","page","type-page","status-publish","hentry"],"_links":{"self":[{"href":"https:\/\/www.parkada.com.tr\/index.php\/wp-json\/wp\/v2\/pages\/706","targetHints":{"allow":["GET"]}}],"collection":[{"href":"https:\/\/www.parkada.com.tr\/index.php\/wp-json\/wp\/v2\/pages"}],"about":[{"href":"https:\/\/www.parkada.com.tr\/index.php\/wp-json\/wp\/v2\/types\/page"}],"author":[{"embeddable":true,"href":"https:\/\/www.parkada.com.tr\/index.php\/wp-json\/wp\/v2\/users\/1"}],"replies":[{"embeddable":true,"href":"https:\/\/www.parkada.com.tr\/index.php\/wp-json\/wp\/v2\/comments?post=706"}],"version-history":[{"count":12,"href":"https:\/\/www.parkada.com.tr\/index.php\/wp-json\/wp\/v2\/pages\/706\/revisions"}],"predecessor-version":[{"id":2826,"href":"https:\/\/www.parkada.com.tr\/index.php\/wp-json\/wp\/v2\/pages\/706\/revisions\/2826"}],"wp:attachment":[{"href":"https:\/\/www.parkada.com.tr\/index.php\/wp-json\/wp\/v2\/media?parent=706"}],"curies":[{"name":"wp","href":"https:\/\/api.w.org\/{rel}","templated":true}]}}