{"id":978,"date":"2024-04-17T05:09:01","date_gmt":"2024-04-17T05:09:01","guid":{"rendered":"https:\/\/themexriver.com\/wp\/goyto\/?page_id=978"},"modified":"2025-08-29T15:41:52","modified_gmt":"2025-08-29T15:41:52","slug":"hakkimizda","status":"publish","type":"page","link":"https:\/\/www.parkada.com.tr\/index.php\/hakkimizda\/","title":{"rendered":"Hakk\u0131m\u0131zda"},"content":{"rendered":"\t\t<div data-elementor-type=\"wp-page\" data-elementor-id=\"978\" class=\"elementor elementor-978\">\n\t\t\t\t\t\t<section class=\"elementor-section elementor-top-section elementor-element elementor-element-dffa2de elementor-section-boxed elementor-section-height-default elementor-section-height-default\" data-id=\"dffa2de\" data-element_type=\"section\">\n\t\t\t\t\t\t<div class=\"elementor-container elementor-column-gap-default\">\n\t\t\t\t\t<div class=\"elementor-column elementor-col-50 elementor-top-column elementor-element elementor-element-c16722e\" data-id=\"c16722e\" data-element_type=\"column\">\n\t\t\t<div class=\"elementor-widget-wrap elementor-element-populated\">\n\t\t\t\t\t\t<div class=\"elementor-element elementor-element-81d2033 elementor-widget elementor-widget-go-s-heading\" data-id=\"81d2033\" data-element_type=\"widget\" data-widget_type=\"go-s-heading.default\">\n\t\t\t\t<div class=\"elementor-widget-container\">\n\t\t\t\t\t<div class=\"gt-section-title-1 txt-text-anim pera-content headline prthalign\">\n            <div class=\"elementor-goyto-sub subtitle cursive-font wow fadeInRight\"  data-wow-delay=\"200ms\" data-wow-duration=\"1000ms\">\n                            <img decoding=\"async\" src=\"http:\/\/www.parkada.com.tr\/wp-content\/uploads\/2024\/03\/star.webp\" alt=\"\"> \n                \n            Adapark | Bayrampa\u015fa \u015eehir Park\u0131        <\/div>\n        <h1 class=\"elementor-gt-heading section_title tx-split-text split-in-right\">\u201cDo\u011fan\u0131n Kalbinde E\u011flence ve Huzur\u201d<\/h1>            <div class=\"elementor-gt-desc\">\n            \n        <\/div>\n    <\/div>\t\t\t\t<\/div>\n\t\t\t\t<\/div>\n\t\t\t\t<div class=\"elementor-element elementor-element-6fd1330 elementor-widget elementor-widget-heading\" data-id=\"6fd1330\" data-element_type=\"widget\" data-widget_type=\"heading.default\">\n\t\t\t\t\t<h2 class=\"elementor-heading-title elementor-size-default\">Bayrampa\u015fa\u2019n\u0131n merkezinde yer alan ParkAda, 2003\u2019ten bu yana milyonlarca ziyaret\u00e7iye do\u011fa, spor, k\u00fclt\u00fcr ve e\u011flenceyi bir arada sunuyor. G\u00f6l manzaral\u0131 y\u00fcr\u00fcy\u00fc\u015f yollar\u0131, lunapark\u0131, kafeleri, spor alanlar\u0131 ve amfi tiyatrosuyla her ya\u015ftan misafire unutulmaz anlar ya\u015fat\u0131yoruz.<\/h2>\t\t\t\t<\/div>\n\t\t\t\t\t<\/div>\n\t\t<\/div>\n\t\t\t\t<div class=\"elementor-column elementor-col-50 elementor-top-column elementor-element elementor-element-69330ad\" data-id=\"69330ad\" data-element_type=\"column\">\n\t\t\t<div class=\"elementor-widget-wrap elementor-element-populated\">\n\t\t\t\t\t\t<div class=\"elementor-element elementor-element-d77a8ba elementor-widget elementor-widget-go-feature-content\" data-id=\"d77a8ba\" data-element_type=\"widget\" data-widget_type=\"go-feature-content.default\">\n\t\t\t\t<div class=\"elementor-widget-container\">\n\t\t\t\t\t<div class=\"gt-feature-content d-flex\">\n            <div class=\"gt-feature-img appear_top\">\n            <img decoding=\"async\" src=\"http:\/\/www.parkada.com.tr\/wp-content\/uploads\/2025\/08\/bayramshak.jpg\" alt=\"\">\n        <\/div>\n        <div class=\"gt-feature-text-area pt-45 txt-text-anim headline pera-content\">\n                    <h3 class=\"wow\" data-splitting=\"\">\u201cParkAda\u2019y\u0131 Ke\u015ffetmeye Haz\u0131r m\u0131s\u0131n\u0131z?\u201d<\/h3>\n                            <p>Burada sadece bir park de\u011fil, ya\u015fam\u0131n enerjisini bulacaks\u0131n\u0131z. Do\u011fayla i\u00e7 i\u00e7e y\u00fcr\u00fcy\u00fc\u015flerden k\u00fclt\u00fcrel etkinliklere, ailece keyifli vakitlerden spor alanlar\u0131na kadar her \u015fey ParkAda\u2019da sizi bekliyor.<\/p>\n                        <div class=\"gt-item-list mt-30 ul-li\">\n            <ul>\n                                <li class=\"wow\" data-splitting=\"\">\n                                            <i aria-hidden=\"true\" class=\"fas fa-check-circle\"><\/i>                                        Do\u011fa &amp; E\u011flence Bir Arada                <\/li>\n                                <li class=\"wow\" data-splitting=\"\">\n                                            <i aria-hidden=\"true\" class=\"fas fa-check-circle\"><\/i>                                        20 Y\u0131ll\u0131k Deneyim                <\/li>\n                                <li class=\"wow\" data-splitting=\"\">\n                                            <i aria-hidden=\"true\" class=\"fas fa-check-circle\"><\/i>                                        G\u00f6l Kenar\u0131nda \u00d6zel Atmosfer                <\/li>\n                            <\/ul>\n        <\/div>\n    <\/div>\n<\/div>\t\t\t\t<\/div>\n\t\t\t\t<\/div>\n\t\t\t\t\t<\/div>\n\t\t<\/div>\n\t\t\t\t\t<\/div>\n\t\t<\/section>\n\t\t\t\t<section class=\"elementor-section elementor-top-section elementor-element elementor-element-a833d58 animated-slow elementor-section-boxed elementor-section-height-default elementor-section-height-default\" data-id=\"a833d58\" data-element_type=\"section\" data-settings=\"{&quot;background_background&quot;:&quot;classic&quot;,&quot;animation&quot;:&quot;none&quot;}\">\n\t\t\t\t\t\t<div class=\"elementor-container elementor-column-gap-default\">\n\t\t\t\t\t<div class=\"elementor-column elementor-col-100 elementor-top-column elementor-element elementor-element-c6aa31d\" data-id=\"c6aa31d\" data-element_type=\"column\">\n\t\t\t<div class=\"elementor-widget-wrap elementor-element-populated\">\n\t\t\t\t\t\t<div class=\"elementor-element elementor-element-dbac9b6 elementor-widget elementor-widget-go-s-heading\" data-id=\"dbac9b6\" data-element_type=\"widget\" data-widget_type=\"go-s-heading.default\">\n\t\t\t\t<div class=\"elementor-widget-container\">\n\t\t\t\t\t<div class=\"gt-section-title-1 txt-text-anim pera-content headline prthalign\">\n            <div class=\"elementor-goyto-sub subtitle cursive-font wow fadeInRight\"  data-wow-delay=\"200ms\" data-wow-duration=\"1000ms\">\n                            <img decoding=\"async\" src=\"http:\/\/www.parkada.com.tr\/wp-content\/uploads\/2024\/03\/star.webp\" alt=\"\"> \n                \n            Adapark | Bayrampa\u015fa \u015eehir Park\u0131        <\/div>\n        <h1 class=\"elementor-gt-heading section_title tx-split-text split-in-right\">ParkAda \u2013 Do\u011fa, E\u011flence ve K\u00fclt\u00fcr\u00fcn Bulu\u015fma Noktas\u0131<\/h1>            <div class=\"elementor-gt-desc\">\n            \n        <\/div>\n    <\/div>\t\t\t\t<\/div>\n\t\t\t\t<\/div>\n\t\t\t\t<div class=\"elementor-element elementor-element-6203735 elementor-widget elementor-widget-text-editor\" data-id=\"6203735\" data-element_type=\"widget\" data-widget_type=\"text-editor.default\">\n\t\t\t\t\t\t\t\t\t<p>ParkAda, \u0130stanbul Bayrampa\u015fa\u2019da do\u011fa, e\u011flence ve k\u00fclt\u00fcr\u00fcn bir araya geldi\u011fi b\u00fcy\u00fck bir \u015fehir park\u0131d\u0131r. G\u00f6l manzaras\u0131, y\u00fcr\u00fcy\u00fc\u015f\u2013ko\u015fu parkurlar\u0131, lunapark, amfi tiyatro, spor sahalar\u0131, \u00e7ocuk oyun alanlar\u0131 ve g\u00f6l kenar\u0131 kafeleriyle her ya\u015ftan ziyaret\u00e7iye y\u0131l\u0131n her g\u00fcn\u00fc a\u00e7\u0131k ya\u015fayan bir merkezdir. Ama\u00e7; \u015fehir i\u00e7inde nefes al\u0131nacak, g\u00fcvenli ve kapsay\u0131c\u0131 bir bulu\u015fma noktas\u0131 sunmakt\u0131r.<\/p>\t\t\t\t\t\t\t\t<\/div>\n\t\t<div class=\"elementor-element elementor-element-92b03dc e-flex e-con-boxed e-con e-parent\" data-id=\"92b03dc\" data-element_type=\"container\">\n\t\t\t\t\t<div class=\"e-con-inner\">\n\t\t<div class=\"elementor-element elementor-element-69dd384 e-grid e-con-full e-con e-child\" data-id=\"69dd384\" data-element_type=\"container\">\n\t\t\t\t<div class=\"elementor-element elementor-element-fa50565 elementor-widget__width-initial elementor-widget elementor-widget-go-feature\" data-id=\"fa50565\" data-element_type=\"widget\" data-widget_type=\"go-feature.default\">\n\t\t\t\t<div class=\"elementor-widget-container\">\n\t\t\t\t\t<div class=\"gt-wc-feature-item d-flex flex-wrap\">\n    <div class=\"inner-icon d-flex align-items-center justify-content-center\">\n                    <img decoding=\"async\" src=\"http:\/\/www.parkada.com.tr\/wp-content\/uploads\/2025\/08\/stopwatch-1.png\" alt=\"List\">\n            <\/div>\n    <div class=\"inner-text headline pera-content txt-text-anim\">\n        <h3 class=\"wow\" data-splitting=\"\">SAYILARLA PARKADA<\/h3>\n                    <p>\u2022 Toplam alan: ~500.000 m\u00b2\n\u2022 A\u00e7\u0131l\u0131\u015f: 2003\n\u2022 Lunapark oyuncaklar\u0131: 40+\n\u2022 Amfi tiyatro kapasitesi: ~4.000 ki\u015fi\n\u2022 Ko\u015fu\/y\u00fcr\u00fcy\u00fc\u015f parkuru: ~900 m\n\u2022 Kafeler &amp; restoranlar: g\u00f6l kenar\u0131 ve a\u00e7\u0131k teras alanlar\u0131<\/p>\n            <\/div>\n<\/div>\t\t\t\t<\/div>\n\t\t\t\t<\/div>\n\t\t\t\t<div class=\"elementor-element elementor-element-40a9fba elementor-widget__width-initial elementor-widget elementor-widget-go-feature\" data-id=\"40a9fba\" data-element_type=\"widget\" data-widget_type=\"go-feature.default\">\n\t\t\t\t<div class=\"elementor-widget-container\">\n\t\t\t\t\t<div class=\"gt-wc-feature-item d-flex flex-wrap\">\n    <div class=\"inner-icon d-flex align-items-center justify-content-center\">\n                    <img decoding=\"async\" src=\"http:\/\/www.parkada.com.tr\/wp-content\/uploads\/2025\/08\/history.png\" alt=\"List\">\n            <\/div>\n    <div class=\"inner-text headline pera-content txt-text-anim\">\n        <h3 class=\"wow\" data-splitting=\"\">TAR\u0130H\u00c7E VE D\u00d6N\u00dcM NOKTALARI<\/h3>\n                    <p>\u2022 2003: ParkAda a\u00e7\u0131ld\u0131, g\u00f6l ve e\u011flence alanlar\u0131 hizmete girdi.\n\u2022 2010\u20132020: Y\u00fcr\u00fcy\u00fc\u015f yollar\u0131, \u00e7ocuk oyun ve spor alanlar\u0131 yenilendi.\n\u2022 G\u00fcn\u00fcm\u00fcz: ParkAda, do\u011fa, spor, yeme\u2013i\u00e7me ve k\u00fclt\u00fcr\u2013sanat\u0131n merkezi olarak geli\u015fimini s\u00fcrd\u00fcr\u00fcyor.<\/p>\n            <\/div>\n<\/div>\t\t\t\t<\/div>\n\t\t\t\t<\/div>\n\t\t\t\t<div class=\"elementor-element elementor-element-a58ac51 elementor-widget__width-initial elementor-widget elementor-widget-go-feature\" data-id=\"a58ac51\" data-element_type=\"widget\" data-widget_type=\"go-feature.default\">\n\t\t\t\t<div class=\"elementor-widget-container\">\n\t\t\t\t\t<div class=\"gt-wc-feature-item d-flex flex-wrap\">\n    <div class=\"inner-icon d-flex align-items-center justify-content-center\">\n                    <img decoding=\"async\" src=\"http:\/\/www.parkada.com.tr\/wp-content\/uploads\/2025\/08\/opportunity.png\" alt=\"List\">\n            <\/div>\n    <div class=\"inner-text headline pera-content txt-text-anim\">\n        <h3 class=\"wow\" data-splitting=\"\">V\u0130ZYONUMUZ<\/h3>\n                    <p>\u0130stanbul\u2019un kalbinde; do\u011fayla i\u00e7 i\u00e7e, g\u00fcvenli ve kapsay\u0131c\u0131 bir ya\u015fam alan\u0131 olarak k\u00fclt\u00fcr\u2013sanat, spor ve e\u011flenceyi birlikte sunan \u00f6rnek bir \u015fehir park\u0131 olmak.<\/p>\n            <\/div>\n<\/div>\t\t\t\t<\/div>\n\t\t\t\t<\/div>\n\t\t\t\t<div class=\"elementor-element elementor-element-14903ca elementor-widget__width-initial elementor-widget elementor-widget-go-feature\" data-id=\"14903ca\" data-element_type=\"widget\" data-widget_type=\"go-feature.default\">\n\t\t\t\t<div class=\"elementor-widget-container\">\n\t\t\t\t\t<div class=\"gt-wc-feature-item d-flex flex-wrap\">\n    <div class=\"inner-icon d-flex align-items-center justify-content-center\">\n                    <img decoding=\"async\" src=\"http:\/\/www.parkada.com.tr\/wp-content\/uploads\/2025\/08\/target.png\" alt=\"List\">\n            <\/div>\n    <div class=\"inner-text headline pera-content txt-text-anim\">\n        <h3 class=\"wow\" data-splitting=\"\">M\u0130SYONUMUZ<\/h3>\n                    <p>\u2022 Ziyaret\u00e7ilere eri\u015filebilir, g\u00fcvenli ve temiz bir park deneyimi sa\u011flamak.\n\u2022 K\u00fclt\u00fcr\u2013sanat ve spor etkinlikleriyle toplumsal ya\u015fam\u0131 zenginle\u015ftirmek.\n\u2022 \u00c7ocuklar ve gen\u00e7ler i\u00e7in \u00f6\u011frenme\u2013e\u011flenme olanaklar\u0131 sunmak.\n<\/p>\n            <\/div>\n<\/div>\t\t\t\t<\/div>\n\t\t\t\t<\/div>\n\t\t\t\t<\/div>\n\t\t\t\t\t<\/div>\n\t\t\t\t<\/div>\n\t\t\t\t<div class=\"elementor-element elementor-element-13e9707 elementor-widget elementor-widget-go-s-heading\" data-id=\"13e9707\" data-element_type=\"widget\" data-widget_type=\"go-s-heading.default\">\n\t\t\t\t<div class=\"elementor-widget-container\">\n\t\t\t\t\t<div class=\"gt-section-title-1 txt-text-anim pera-content headline prthalign\">\n            <div class=\"elementor-goyto-sub subtitle cursive-font wow fadeInRight\"  data-wow-delay=\"200ms\" data-wow-duration=\"1000ms\">\n                            <img decoding=\"async\" src=\"http:\/\/www.parkada.com.tr\/wp-content\/uploads\/2024\/03\/star.webp\" alt=\"\"> \n                \n            Adapark | Bayrampa\u015fa \u015eehir Park\u0131        <\/div>\n        <h1 class=\"elementor-gt-heading section_title tx-split-text split-in-right\">\u00d6ne \u00c7\u0131kan Alanlar ve Tesisler<\/h1>            <div class=\"elementor-gt-desc\">\n            \n        <\/div>\n    <\/div>\t\t\t\t<\/div>\n\t\t\t\t<\/div>\n\t\t<div class=\"elementor-element elementor-element-dba6a45 e-grid e-con-boxed e-con e-parent\" data-id=\"dba6a45\" data-element_type=\"container\">\n\t\t\t\t\t<div class=\"e-con-inner\">\n\t\t\t\t<div class=\"elementor-element elementor-element-0194a45 elementor-widget__width-initial elementor-widget elementor-widget-go-feature\" data-id=\"0194a45\" data-element_type=\"widget\" data-settings=\"{&quot;_animation&quot;:&quot;none&quot;}\" data-widget_type=\"go-feature.default\">\n\t\t\t\t<div class=\"elementor-widget-container\">\n\t\t\t\t\t<div class=\"gt-wc-feature-item d-flex flex-wrap\">\n    <div class=\"inner-icon d-flex align-items-center justify-content-center\">\n                    <img decoding=\"async\" src=\"http:\/\/www.parkada.com.tr\/wp-content\/uploads\/2025\/08\/sport.png\" alt=\"List\">\n            <\/div>\n    <div class=\"inner-text headline pera-content txt-text-anim\">\n        <h3 class=\"wow\" data-splitting=\"\">\u2022 Amfi Tiyatro &amp;  Etkinlikleri<\/h3>\n                    <p>Konserler, a\u00e7\u0131k hava sinemas\u0131 ve k\u00fclt\u00fcrel g\u00f6steriler i\u00e7in uygun altyap\u0131ya sahiptir. Geni\u015f kapasitesi sayesinde mevsim boyunca canl\u0131 bir etkinlik takvimi sunar.<\/p>\n            <\/div>\n<\/div>\t\t\t\t<\/div>\n\t\t\t\t<\/div>\n\t\t\t\t<div class=\"elementor-element elementor-element-ba78e96 elementor-widget__width-initial elementor-widget elementor-widget-go-feature\" data-id=\"ba78e96\" data-element_type=\"widget\" data-widget_type=\"go-feature.default\">\n\t\t\t\t<div class=\"elementor-widget-container\">\n\t\t\t\t\t<div class=\"gt-wc-feature-item d-flex flex-wrap\">\n    <div class=\"inner-icon d-flex align-items-center justify-content-center\">\n                    <img decoding=\"async\" src=\"http:\/\/www.parkada.com.tr\/wp-content\/uploads\/2025\/08\/football-field.png\" alt=\"List\">\n            <\/div>\n    <div class=\"inner-text headline pera-content txt-text-anim\">\n        <h3 class=\"wow\" data-splitting=\"\">Spor Alanlar\u0131<\/h3>\n                    <p>Basketbol, voleybol, tenis ve futbol sahalar\u0131; bireysel antrenmanlar ve tak\u0131m etkinlikleri i\u00e7in uygundur. Ko\u015fu\u2013y\u00fcr\u00fcy\u00fc\u015f parkuru d\u00fczenli spor yapan ziyaret\u00e7iler i\u00e7in idealdir.<\/p>\n            <\/div>\n<\/div>\t\t\t\t<\/div>\n\t\t\t\t<\/div>\n\t\t\t\t<div class=\"elementor-element elementor-element-a3b0d50 elementor-widget__width-initial elementor-widget elementor-widget-go-feature\" data-id=\"a3b0d50\" data-element_type=\"widget\" data-widget_type=\"go-feature.default\">\n\t\t\t\t<div class=\"elementor-widget-container\">\n\t\t\t\t\t<div class=\"gt-wc-feature-item d-flex flex-wrap\">\n    <div class=\"inner-icon d-flex align-items-center justify-content-center\">\n                    <img decoding=\"async\" src=\"http:\/\/www.parkada.com.tr\/wp-content\/uploads\/2025\/08\/playground.png\" alt=\"List\">\n            <\/div>\n    <div class=\"inner-text headline pera-content txt-text-anim\">\n        <h3 class=\"wow\" data-splitting=\"\">\u00c7ocuk Oyun Alanlar\u0131<\/h3>\n                    <p>Farkl\u0131 ya\u015f gruplar\u0131na g\u00f6re b\u00f6l\u00fcmlendirilmi\u015f, g\u00fcvenlik ve dayan\u0131kl\u0131l\u0131k standartlar\u0131na uygun modern oyun gruplar\u0131 yer al\u0131r.<\/p>\n            <\/div>\n<\/div>\t\t\t\t<\/div>\n\t\t\t\t<\/div>\n\t\t\t\t<div class=\"elementor-element elementor-element-237065e elementor-widget__width-initial elementor-widget elementor-widget-go-feature\" data-id=\"237065e\" data-element_type=\"widget\" data-widget_type=\"go-feature.default\">\n\t\t\t\t<div class=\"elementor-widget-container\">\n\t\t\t\t\t<div class=\"gt-wc-feature-item d-flex flex-wrap\">\n    <div class=\"inner-icon d-flex align-items-center justify-content-center\">\n                    <img decoding=\"async\" src=\"http:\/\/www.parkada.com.tr\/wp-content\/uploads\/2025\/08\/cafe.png\" alt=\"List\">\n            <\/div>\n    <div class=\"inner-text headline pera-content txt-text-anim\">\n        <h3 class=\"wow\" data-splitting=\"\">Kafeler &amp; Dinlenme Noktalar\u0131<\/h3>\n                    <p>G\u00f6l kenar\u0131 kafeler, a\u00e7\u0131k teraslar ve g\u00f6lgeli dinlenme alanlar\u0131 g\u00fcn\u00fcn her saati mola imk\u00e2n\u0131 sunar. Aile bulu\u015fmalar\u0131 ve arkada\u015f sohbetleri i\u00e7in keyifli mek\u00e2nlar bulunur.<\/p>\n            <\/div>\n<\/div>\t\t\t\t<\/div>\n\t\t\t\t<\/div>\n\t\t\t\t<div class=\"elementor-element elementor-element-fa25bf7 elementor-widget__width-initial elementor-widget elementor-widget-go-feature\" data-id=\"fa25bf7\" data-element_type=\"widget\" data-widget_type=\"go-feature.default\">\n\t\t\t\t<div class=\"elementor-widget-container\">\n\t\t\t\t\t<div class=\"gt-wc-feature-item d-flex flex-wrap\">\n    <div class=\"inner-icon d-flex align-items-center justify-content-center\">\n                    <img decoding=\"async\" src=\"http:\/\/www.parkada.com.tr\/wp-content\/uploads\/2025\/08\/carousel.png\" alt=\"List\">\n            <\/div>\n    <div class=\"inner-text headline pera-content txt-text-anim\">\n        <h3 class=\"wow\" data-splitting=\"\">Lunapark &amp; D\u00f6nme Dolap<\/h3>\n                    <p>Renkli kabinleriyle park\u0131n simgesi olan d\u00f6nme dolap ve farkl\u0131 ya\u015f gruplar\u0131na uygun \u00e7ok say\u0131da oyuncak, g\u00fcvenli ve e\u011flenceli bir deneyim sa\u011flar.<\/p>\n            <\/div>\n<\/div>\t\t\t\t<\/div>\n\t\t\t\t<\/div>\n\t\t\t\t<div class=\"elementor-element elementor-element-0152332 elementor-widget__width-initial elementor-widget elementor-widget-go-feature\" data-id=\"0152332\" data-element_type=\"widget\" data-widget_type=\"go-feature.default\">\n\t\t\t\t<div class=\"elementor-widget-container\">\n\t\t\t\t\t<div class=\"gt-wc-feature-item d-flex flex-wrap\">\n    <div class=\"inner-icon d-flex align-items-center justify-content-center\">\n                    <img decoding=\"async\" src=\"http:\/\/www.parkada.com.tr\/wp-content\/uploads\/2025\/08\/pathway.png\" alt=\"List\">\n            <\/div>\n    <div class=\"inner-text headline pera-content txt-text-anim\">\n        <h3 class=\"wow\" data-splitting=\"\">G\u00f6l ve Y\u00fcr\u00fcy\u00fc\u015f Yollar\u0131<\/h3>\n                    <p>G\u00f6l \u00e7evresindeki y\u00fcr\u00fcy\u00fc\u015f rotalar\u0131, manzara duraklar\u0131 ve foto\u011fraf noktalar\u0131yla g\u00fcn\u00fcn her saati kullan\u0131labilir. G\u00fcn bat\u0131m\u0131nda huzurlu bir atmosfer sunar.<\/p>\n            <\/div>\n<\/div>\t\t\t\t<\/div>\n\t\t\t\t<\/div>\n\t\t\t\t\t<\/div>\n\t\t\t\t<\/div>\n\t\t\t\t\t<\/div>\n\t\t<\/div>\n\t\t\t\t\t<\/div>\n\t\t<\/section>\n\t\t\t\t<\/div>\n\t\t","protected":false},"excerpt":{"rendered":"<p>Adapark | Bayrampa\u015fa \u015eehir Park\u0131 \u201cDo\u011fan\u0131n Kalbinde E\u011flence ve Huzur\u201d Bayrampa\u015fa\u2019n\u0131n merkezinde yer alan ParkAda, 2003\u2019ten bu yana milyonlarca ziyaret\u00e7iye do\u011fa, spor, k\u00fclt\u00fcr ve e\u011flenceyi bir arada sunuyor. G\u00f6l manzaral\u0131 y\u00fcr\u00fcy\u00fc\u015f yollar\u0131, lunapark\u0131, kafeleri, spor alanlar\u0131 ve amfi tiyatrosuyla her ya\u015ftan misafire unutulmaz anlar ya\u015fat\u0131yoruz. \u201cParkAda\u2019y\u0131 Ke\u015ffetmeye Haz\u0131r m\u0131s\u0131n\u0131z?\u201d Burada sadece bir park de\u011fil, ya\u015fam\u0131n [&hellip;]<\/p>\n","protected":false},"author":1,"featured_media":0,"parent":0,"menu_order":0,"comment_status":"closed","ping_status":"closed","template":"elementor_header_footer","meta":{"footnotes":""},"class_list":["post-978","page","type-page","status-publish","hentry"],"_links":{"self":[{"href":"https:\/\/www.parkada.com.tr\/index.php\/wp-json\/wp\/v2\/pages\/978","targetHints":{"allow":["GET"]}}],"collection":[{"href":"https:\/\/www.parkada.com.tr\/index.php\/wp-json\/wp\/v2\/pages"}],"about":[{"href":"https:\/\/www.parkada.com.tr\/index.php\/wp-json\/wp\/v2\/types\/page"}],"author":[{"embeddable":true,"href":"https:\/\/www.parkada.com.tr\/index.php\/wp-json\/wp\/v2\/users\/1"}],"replies":[{"embeddable":true,"href":"https:\/\/www.parkada.com.tr\/index.php\/wp-json\/wp\/v2\/comments?post=978"}],"version-history":[{"count":44,"href":"https:\/\/www.parkada.com.tr\/index.php\/wp-json\/wp\/v2\/pages\/978\/revisions"}],"predecessor-version":[{"id":2817,"href":"https:\/\/www.parkada.com.tr\/index.php\/wp-json\/wp\/v2\/pages\/978\/revisions\/2817"}],"wp:attachment":[{"href":"https:\/\/www.parkada.com.tr\/index.php\/wp-json\/wp\/v2\/media?parent=978"}],"curies":[{"name":"wp","href":"https:\/\/api.w.org\/{rel}","templated":true}]}}